{"id":1476,"date":"2022-11-04T13:53:30","date_gmt":"2022-11-04T20:53:30","guid":{"rendered":"https:\/\/www.summittowing.com\/?page_id=1476"},"modified":"2022-11-07T12:29:58","modified_gmt":"2022-11-07T20:29:58","slug":"what-is-medium-duty-towing","status":"publish","type":"page","link":"https:\/\/www.summittowing.com\/es\/que-es-el-remolque-mediano\/","title":{"rendered":"\u00bfQu\u00e9 es el remolque de carga media?"},"content":{"rendered":"<div class=\"wp-block-image\">\n<figure class=\"alignright size-full\"><img loading=\"lazy\" decoding=\"async\" width=\"450\" height=\"300\" src=\"https:\/\/www.summittowing.com\/wp-content\/uploads\/2022\/11\/What-Is-Light-Duty-Towing-Small.jpg\" alt=\"\u00bfQu\u00e9 es el remolque ligero?\" class=\"wp-image-1523\" srcset=\"https:\/\/www.summittowing.com\/wp-content\/uploads\/2022\/11\/What-Is-Light-Duty-Towing-Small.jpg 450w, https:\/\/www.summittowing.com\/wp-content\/uploads\/2022\/11\/What-Is-Light-Duty-Towing-Small-350x233.jpg 350w, https:\/\/www.summittowing.com\/wp-content\/uploads\/2022\/11\/What-Is-Light-Duty-Towing-Small-18x12.jpg 18w\" sizes=\"auto, (max-width: 450px) 100vw, 450px\" \/><figcaption class=\"wp-element-caption\">Los camiones de remolque de carga media pueden manejar cualquier cosa, desde camiones de caja, grandes furgonetas de pasajeros o autobuses y algunos equipos de construcci\u00f3n.<\/figcaption><\/figure>\n<\/div>\n\n\n<p class=\"\">Cuando se busca la empresa de remolque adecuada, a menudo se ven proveedores que anuncian el remolque de veh\u00edculos ligeros, medianos y pesados. Pero, \u00bfqu\u00e9 es un veh\u00edculo ligero cuando todos pesan varias toneladas? <a href=\"https:\/\/www.summittowing.com\/es\/\" data-type=\"page\" data-id=\"75\">Summit Towing<\/a> se centra en las clasificaciones de carga ligera y media. El remolque ligero es para veh\u00edculos que pesan menos de 10.000 libras. El remolque de servicio medio es para veh\u00edculos que pesan entre 10,000 y 26,000 libras, esta clase de veh\u00edculos incluye camiones de caja, furgonetas de reparto, grandes furgonetas de pasajeros o autobuses y algunos equipos de construcci\u00f3n. Mientras que nuestros camiones de servicio medio pueden manejar veh\u00edculos de hasta 26.000 libras de peso, si su veh\u00edculo es m\u00e1s de ese l\u00edmite, vamos a recomendar una soluci\u00f3n de la compa\u00f1\u00eda de remolque de servicio pesado qulified. <\/p>\n\n\n\n<h2 class=\"wp-block-heading\">Remolque comercial<\/h2>\n\n\n\n<p class=\"\">Los veh\u00edculos comerciales se consideran a menudo como de servicio medio, con veh\u00edculos de construcci\u00f3n, camiones de caja y grandes furgonetas de reparto que entran en esa categor\u00eda. Sin embargo, debido a que los veh\u00edculos comerciales se utilizan a menudo para fines comerciales, su tiempo de inactividad puede costar un dinero de la empresa. Es por eso que Summit Towing ofrece servicios de remolque comercial confiable en todas las horas y d\u00edas de la semana para las empresas en Olympia, WA y el Condado de Thurston. <\/p>\n\n\n\n<h2 class=\"wp-block-heading\">Remolque de autocaravanas<\/h2>\n\n\n\n<p class=\"\">Su autocaravana es algo m\u00e1s que un veh\u00edculo. Es su hogar fuera de casa. Es por eso que tenemos un cuidado extra cuando el transporte de su RV. Summit Towing tambi\u00e9n ofrece servicios de remolque para casas rodantes y veh\u00edculos recreativos. Nuestro cami\u00f3n de remolque de servicio mediano est\u00e1 equipado para manejar hasta 13 toneladas de peso y puede remolcar su RV con facilidad. Si su RV o veh\u00edculo comercial se rompe cerca de Olympia, llame a Summit Towing. Nuestro servicio al cliente es insuperable. Tenemos un miembro del personal dedicado listo para enviar un conductor experto en un momento de aviso. Si usted tiene un trabajo de mediana importancia en la necesidad de una empresa de remolque profesional, dar Summit Towing una llamada a <a href=\"tel:+1-360-754-8858\">(360) 790-3818<\/a>!<\/p>","protected":false},"excerpt":{"rendered":"<p>When searching for the right towing company, you often see providers advertising light-duty, medium-duty and heavy-duty towing. But what constitutes [&hellip;]<\/p>\n","protected":false},"author":4,"featured_media":1522,"parent":0,"menu_order":0,"comment_status":"closed","ping_status":"closed","template":"","meta":{"_acf_changed":false,"footnotes":""},"class_list":["post-1476","page","type-page","status-publish","has-post-thumbnail","hentry"],"acf":[],"meta_description":"Summit Towing uses auto wreckers and flatbed tow trucks for medium-duty towing services, the safest way to transport your vehicle.","meta_title":"","yoast_meta_title":"","yoast_meta_description":"","_links":{"self":[{"href":"https:\/\/www.summittowing.com\/es\/wp-json\/wp\/v2\/pages\/1476","targetHints":{"allow":["GET"]}}],"collection":[{"href":"https:\/\/www.summittowing.com\/es\/wp-json\/wp\/v2\/pages"}],"about":[{"href":"https:\/\/www.summittowing.com\/es\/wp-json\/wp\/v2\/types\/page"}],"author":[{"embeddable":true,"href":"https:\/\/www.summittowing.com\/es\/wp-json\/wp\/v2\/users\/4"}],"replies":[{"embeddable":true,"href":"https:\/\/www.summittowing.com\/es\/wp-json\/wp\/v2\/comments?post=1476"}],"version-history":[{"count":0,"href":"https:\/\/www.summittowing.com\/es\/wp-json\/wp\/v2\/pages\/1476\/revisions"}],"wp:featuredmedia":[{"embeddable":true,"href":"https:\/\/www.summittowing.com\/es\/wp-json\/wp\/v2\/media\/1522"}],"wp:attachment":[{"href":"https:\/\/www.summittowing.com\/es\/wp-json\/wp\/v2\/media?parent=1476"}],"curies":[{"name":"wp","href":"https:\/\/api.w.org\/{rel}","templated":true}]}}