{"id":956,"date":"2022-06-29T13:23:18","date_gmt":"2022-06-29T20:23:18","guid":{"rendered":"https:\/\/www.summittowing.com\/?page_id=956"},"modified":"2024-05-01T13:03:38","modified_gmt":"2024-05-01T20:03:38","slug":"accident-recovery-service-olympia-wa","status":"publish","type":"page","link":"https:\/\/www.summittowing.com\/es\/servicio-de-recuperacion-de-accidentes-olympia-wa\/","title":{"rendered":"Servicio de recuperaci\u00f3n de accidentes Olympia WA"},"content":{"rendered":"<h2 class=\"wp-block-heading\">La empresa de confianza de recuperaci\u00f3n de accidentes y colisiones de Olympia<\/h2>\n\n\n<div class=\"wp-block-image\">\n<figure class=\"alignright size-medium\"><img loading=\"lazy\" decoding=\"async\" width=\"350\" height=\"233\" src=\"https:\/\/www.summittowing.com\/wp-content\/uploads\/2024\/02\/Accident-Recovery-Service-Olympia-WA-350x233.jpg\" alt=\"Servicio de Recuperaci\u00f3n de Accidentes Olympia Wa\" class=\"wp-image-1721\" srcset=\"https:\/\/www.summittowing.com\/wp-content\/uploads\/2024\/02\/Accident-Recovery-Service-Olympia-WA-350x233.jpg 350w, https:\/\/www.summittowing.com\/wp-content\/uploads\/2024\/02\/Accident-Recovery-Service-Olympia-WA-18x12.jpg 18w, https:\/\/www.summittowing.com\/wp-content\/uploads\/2024\/02\/Accident-Recovery-Service-Olympia-WA.jpg 450w\" sizes=\"auto, (max-width: 350px) 100vw, 350px\" \/><\/figure>\n<\/div>\n\n\n<p>Nadie planea una colisi\u00f3n. Si est\u00e1s involucrado en un accidente, lo \u00faltimo que quieres es preocuparte por encontrar una gr\u00faa y trasladar tu coche a un lugar seguro. Pero si est\u00e1s herido, o el veh\u00edculo ya no es operable, eso puede parecer una tarea dif\u00edcil.<\/p>\n\n\n\n<p>Summit Towing ofrece servicios de recuperaci\u00f3n de accidentes en Olympia, Washington, para eliminar el estr\u00e9s de la situaci\u00f3n. Con una flota de m\u00e1s de diez veh\u00edculos, podemos manejar todos los trabajos de remolque de carga ligera y media en Olympia. Pero eso no es todo. Tanto si se trata de una aver\u00eda en la autopista como de una rozadura en la ciudad, contamos con un equipo de experimentados operarios de gr\u00faa disponibles las 24 horas del d\u00eda, los 7 d\u00edas de la semana, para responder a su llamada de servicio en carretera.&nbsp;<\/p>\n\n\n\n<p>Nuestra empresa de gr\u00faas local ha trabajado durante m\u00e1s de dos d\u00e9cadas para proporcionar un servicio al cliente que es inigualable en la industria. Podemos manejar muchos problemas, desde el remolque de servicio ligero y medio hasta si est\u00e1n atorados, y los servicios de recuperaci\u00f3n de accidentes. Ning\u00fan trabajo es demasiado grande o demasiado peque\u00f1o para nuestro equipo.<\/p>\n\n\n\n<p>As\u00ed que no deje que un accidente arruine su d\u00eda. Los servicios de recuperaci\u00f3n de Summit Towing est\u00e1n aqu\u00ed para ayudar.<\/p>\n\n\n\n<h3 class=\"wp-block-heading\">Proporcionamos remolque y recuperaci\u00f3n en Olympia<\/h3>\n\n\n\n<p>Nuestros amables y expertos operadores pueden ayudarle con:<\/p>\n\n\n\n<ul class=\"wp-block-list\">\n<li><span>Remolque ligero<\/span><\/li>\n\n\n\n<li><span>Remolque de media carga<\/span><\/li>\n\n\n\n<li><span>Remolque de motos<\/span><\/li>\n\n\n\n<li><span><a href=\"https:\/\/www.summittowing.com\/es\/cerrajero-de-coche-olympia-wa\/\">Cerrajer\u00eda de coches<\/a><br><\/span><\/li>\n\n\n\n<li><span>Cabrestante para veh\u00edculos<\/span><\/li>\n\n\n\n<li><span>Remolque de propiedad privada<\/span><\/li>\n\n\n\n<li><span>Removemos veh\u00edculos abandonados<\/span><\/li>\n\n\n\n<li><span>Gesti\u00f3n de estacionamientos<\/span><\/li>\n\n\n\n<li>Asistencia en carretera<\/li>\n<\/ul>\n\n\n\n<p>Cuando necesite algo m\u00e1s que una gr\u00faa, no dude en llamarnos. Uno de nuestros expertos operarios de gr\u00faa se pondr\u00e1 en camino para ayudarle en poco tiempo.<\/p>\n\n\n\n<h3 class=\"wp-block-heading\">Para un servicio de cabrestante fiable en Tumwater, estamos aqu\u00ed para ayudar<\/h3>\n\n\n<div class=\"wp-block-image\">\n<figure class=\"alignright size-medium\"><img loading=\"lazy\" decoding=\"async\" width=\"350\" height=\"233\" src=\"https:\/\/www.summittowing.com\/wp-content\/uploads\/2024\/02\/Accident-Recovery-Service-Near-Me-Olympia-WA-350x233.jpg\" alt=\"\" class=\"wp-image-1723\" srcset=\"https:\/\/www.summittowing.com\/wp-content\/uploads\/2024\/02\/Accident-Recovery-Service-Near-Me-Olympia-WA-350x233.jpg 350w, https:\/\/www.summittowing.com\/wp-content\/uploads\/2024\/02\/Accident-Recovery-Service-Near-Me-Olympia-WA-18x12.jpg 18w, https:\/\/www.summittowing.com\/wp-content\/uploads\/2024\/02\/Accident-Recovery-Service-Near-Me-Olympia-WA.jpg 450w\" sizes=\"auto, (max-width: 350px) 100vw, 350px\" \/><\/figure>\n<\/div>\n\n\n<p>Si su veh\u00edculo se ha quedado atascado en el lodo o la nieve y no consigue sacarlo, nuestro equipo puede ayudarle. Proporcionamos servicios de cabrestante para aquellos que se encuentran en esta frustrante situaci\u00f3n. Enviaremos una gr\u00faa con un cabrestante para ayudar a sacar su veh\u00edculo y seguir su camino.<\/p>\n\n\n\n<p>Mientras que los accidentes de emergencia puede tomar su coche y su d\u00eda fuera de la carretera, puede confiar en Summit Towing para ayudarle a volver a ella de nuevo. Nuestros camiones de servicio ligero y mediano puede cabrestante todo, desde veh\u00edculos de pasajeros a los camiones de caja. Nuestro equipo de operadores est\u00e1n comprometidos a proporcionar un excelente servicio al cliente y va a ir m\u00e1s all\u00e1 para asegurarse de que su veh\u00edculo es remolcado de forma segura y eficiente durante situaciones dif\u00edciles. Despu\u00e9s de que su veh\u00edculo sea liberado, nuestro operador lo llevar\u00e1 a un taller para reparaciones y mantenimiento.<\/p>\n\n\n\n<p>Entendemos que estar varado puede ser una situaci\u00f3n dif\u00edcil, es por eso que vamos a trabajar con tiempos de respuesta m\u00e1s r\u00e1pidos para obtener su veh\u00edculo de nuevo en la carretera. Nuestro equipo de operadores de gr\u00faa con experiencia se dedican a proporcionar a la comunidad Olympia con la recuperaci\u00f3n de accidentes, asistencia en carretera, y los servicios de cabrestante.<\/p>","protected":false},"excerpt":{"rendered":"<p>Olympia&#8217;s Trusted Accident &amp; Collision Recovery Company Nobody plans for a collision. If you&#8217;re involved in an accident, the last [&hellip;]<\/p>\n","protected":false},"author":4,"featured_media":1722,"parent":0,"menu_order":0,"comment_status":"closed","ping_status":"closed","template":"","meta":{"_acf_changed":false,"footnotes":""},"class_list":["post-956","page","type-page","status-publish","has-post-thumbnail","hentry"],"acf":[],"meta_description":"Nobody plans for a collision. Summit Towing offers accident recovery services in Olympia, Washington, to take the stress out of the situation.","meta_title":"","yoast_meta_title":"","yoast_meta_description":"","_links":{"self":[{"href":"https:\/\/www.summittowing.com\/es\/wp-json\/wp\/v2\/pages\/956","targetHints":{"allow":["GET"]}}],"collection":[{"href":"https:\/\/www.summittowing.com\/es\/wp-json\/wp\/v2\/pages"}],"about":[{"href":"https:\/\/www.summittowing.com\/es\/wp-json\/wp\/v2\/types\/page"}],"author":[{"embeddable":true,"href":"https:\/\/www.summittowing.com\/es\/wp-json\/wp\/v2\/users\/4"}],"replies":[{"embeddable":true,"href":"https:\/\/www.summittowing.com\/es\/wp-json\/wp\/v2\/comments?post=956"}],"version-history":[{"count":3,"href":"https:\/\/www.summittowing.com\/es\/wp-json\/wp\/v2\/pages\/956\/revisions"}],"predecessor-version":[{"id":1762,"href":"https:\/\/www.summittowing.com\/es\/wp-json\/wp\/v2\/pages\/956\/revisions\/1762"}],"wp:featuredmedia":[{"embeddable":true,"href":"https:\/\/www.summittowing.com\/es\/wp-json\/wp\/v2\/media\/1722"}],"wp:attachment":[{"href":"https:\/\/www.summittowing.com\/es\/wp-json\/wp\/v2\/media?parent=956"}],"curies":[{"name":"wp","href":"https:\/\/api.w.org\/{rel}","templated":true}]}}