{"id":960,"date":"2022-06-29T14:30:51","date_gmt":"2022-06-29T21:30:51","guid":{"rendered":"https:\/\/www.summittowing.com\/?page_id=960"},"modified":"2024-05-01T12:00:58","modified_gmt":"2024-05-01T19:00:58","slug":"flatbed-towing-olympia-wa","status":"publish","type":"page","link":"https:\/\/www.summittowing.com\/es\/flatbed-towing-olympia-wa\/","title":{"rendered":"Remolque de plataforma plana\/transportadoras Olympia WA"},"content":{"rendered":"<h2 class=\"wp-block-heading\">Somos sus expertos en gruas local<\/h2>\n\n\n<div class=\"wp-block-image\">\n<figure class=\"alignright size-full\"><img loading=\"lazy\" decoding=\"async\" width=\"350\" height=\"233\" src=\"https:\/\/www.summittowing.com\/wp-content\/uploads\/2024\/02\/Flatbed-Towing-Olympia-WA.jpg\" alt=\"Flatbed Remolque Olympia Wa\" class=\"wp-image-1736\" srcset=\"https:\/\/www.summittowing.com\/wp-content\/uploads\/2024\/02\/Flatbed-Towing-Olympia-WA.jpg 350w, https:\/\/www.summittowing.com\/wp-content\/uploads\/2024\/02\/Flatbed-Towing-Olympia-WA-18x12.jpg 18w\" sizes=\"auto, (max-width: 350px) 100vw, 350px\" \/><\/figure>\n<\/div>\n\n\n<p>Summit Towing ofrece remolque de plataforma local en Olympia, Washington. Hemos proporcionado servicios de remolque de plataforma a la zona del condado de Thurston por m\u00e1s de 20 a\u00f1os. Si usted est\u00e1 roto en su camino de entrada o en el lado de la carretera, podemos ayudar con el servicio de carretera y remolque de emergencia.\u00a0<\/p>\n\n\n\n<p>El remolque de camiones de plataforma plana suele ser necesario cuando los camiones de remolque con elevador de ruedas no son pr\u00e1cticos. Tambi\u00e9n es un m\u00e9todo excelente para transportar veh\u00edculos de exposici\u00f3n, veh\u00edculos especiales, motocicletas, etc. Este m\u00e9todo de <a href=\"https:\/\/www.summittowing.com\/es\/remolque-lacey-wa\/\">remolque<\/a> permite el transporte seguro de todo tipo de veh\u00edculos. Independientemente de por qu\u00e9 usted necesita un remolque, estamos dedicados a proporcionar las veinticuatro horas del d\u00eda los servicios de remolque profesional y actuar con la mayor rapidez posible con los tiempos de respuesta.<\/p>\n\n\n\n<h3 class=\"wp-block-heading\">Remolque de larga distancia<\/h3>\n\n\n<div class=\"wp-block-image\">\n<figure class=\"alignright size-full is-resized\"><img loading=\"lazy\" decoding=\"async\" width=\"1000\" height=\"750\" src=\"https:\/\/www.summittowing.com\/wp-content\/uploads\/2024\/02\/Flatbed-Towing-Near-Me-Olympia-WA.jpeg\" alt=\"\" class=\"wp-image-1738\" style=\"width:348px;height:261px\" srcset=\"https:\/\/www.summittowing.com\/wp-content\/uploads\/2024\/02\/Flatbed-Towing-Near-Me-Olympia-WA.jpeg 1000w, https:\/\/www.summittowing.com\/wp-content\/uploads\/2024\/02\/Flatbed-Towing-Near-Me-Olympia-WA-350x263.jpeg 350w, https:\/\/www.summittowing.com\/wp-content\/uploads\/2024\/02\/Flatbed-Towing-Near-Me-Olympia-WA-768x576.jpeg 768w, https:\/\/www.summittowing.com\/wp-content\/uploads\/2024\/02\/Flatbed-Towing-Near-Me-Olympia-WA-16x12.jpeg 16w\" sizes=\"auto, (max-width: 1000px) 100vw, 1000px\" \/><\/figure>\n<\/div>\n\n\n<p>Adem\u00e1s de remolque local de plataforma, ofrecemos servicios de remolque de larga distancia y el transporte de veh\u00edculos. Cumbre de Towing experimentados profesionales tienen licencia, en condiciones de servidumbre, y asegurado para usted y su veh\u00edculo a cualquier destino de su elecci\u00f3n. H\u00e1ganoslo saber, y vamos a llegar a casa con seguridad desde cualquier lugar con nuestros servicios de remolque asequible.<\/p>\n\n\n\n<hr class=\"wp-block-separator has-alpha-channel-opacity\"\/>\n\n\n\n<h2 class=\"wp-block-heading\">Cuando necesite una gr\u00faa local, llame a Summit Towing<\/h2>\n\n\n\n<p>La elecci\u00f3n de las empresas de remolque que tratar\u00e1 a usted ya su coche con respeto puede ser dif\u00edcil. Usted requiere de confianza, servicios de remolque fiables en Olympia, Washington, que es por eso que usted necesita Summit Towing.<\/p>\n\n\n\n<p>Durante m\u00e1s de dos d\u00e9cadas, los clientes han confiado en Summit Towing como sus socios preferidos de remolque en Olympia, Washington, y las \u00e1reas adyacentes. El equipo profesional de gr\u00faas de Summit Towing ha trabajado duro estos veinte a\u00f1os para proporcionar servicios de asistencia en carretera lo m\u00e1s r\u00e1pido posible en Olympia, Washington y el condado de Thurston.<\/p>\n\n\n\n<p><a href=\"https:\/\/www.summittowing.com\/es\/contactar-con-2\/\" title=\"Contacto\">Ll\u00e1menos hoy mismo<\/a>y nuestro comprometido personal responder\u00e1 a sus preguntas, asegur\u00e1ndose de que obtiene el servicio de remolque de emergencia que necesita.<\/p>","protected":false},"excerpt":{"rendered":"<p>We Are Your Local Towing Experts Summit Towing provides local flatbed towing in Olympia, Washington. We&#8217;ve provided flatbed towing services [&hellip;]<\/p>\n","protected":false},"author":4,"featured_media":1737,"parent":0,"menu_order":0,"comment_status":"closed","ping_status":"closed","template":"","meta":{"_acf_changed":false,"footnotes":""},"class_list":["post-960","page","type-page","status-publish","has-post-thumbnail","hentry"],"acf":[],"meta_description":"Summit Towing has provided flatbed towing in Olympia, WA, for over 20 years. Whether you're broken down on the driveway or the highway, we can help.","meta_title":"","yoast_meta_title":"","yoast_meta_description":"","_links":{"self":[{"href":"https:\/\/www.summittowing.com\/es\/wp-json\/wp\/v2\/pages\/960","targetHints":{"allow":["GET"]}}],"collection":[{"href":"https:\/\/www.summittowing.com\/es\/wp-json\/wp\/v2\/pages"}],"about":[{"href":"https:\/\/www.summittowing.com\/es\/wp-json\/wp\/v2\/types\/page"}],"author":[{"embeddable":true,"href":"https:\/\/www.summittowing.com\/es\/wp-json\/wp\/v2\/users\/4"}],"replies":[{"embeddable":true,"href":"https:\/\/www.summittowing.com\/es\/wp-json\/wp\/v2\/comments?post=960"}],"version-history":[{"count":5,"href":"https:\/\/www.summittowing.com\/es\/wp-json\/wp\/v2\/pages\/960\/revisions"}],"predecessor-version":[{"id":1760,"href":"https:\/\/www.summittowing.com\/es\/wp-json\/wp\/v2\/pages\/960\/revisions\/1760"}],"wp:featuredmedia":[{"embeddable":true,"href":"https:\/\/www.summittowing.com\/es\/wp-json\/wp\/v2\/media\/1737"}],"wp:attachment":[{"href":"https:\/\/www.summittowing.com\/es\/wp-json\/wp\/v2\/media?parent=960"}],"curies":[{"name":"wp","href":"https:\/\/api.w.org\/{rel}","templated":true}]}}