{"id":967,"date":"2022-07-05T10:43:46","date_gmt":"2022-07-05T17:43:46","guid":{"rendered":"https:\/\/www.summittowing.com\/?page_id=967"},"modified":"2024-05-01T13:13:51","modified_gmt":"2024-05-01T20:13:51","slug":"towing-lacey-wa","status":"publish","type":"page","link":"https:\/\/www.summittowing.com\/es\/remolque-lacey-wa\/","title":{"rendered":"Remolque Lacey WA"},"content":{"rendered":"<h2>La b\u00fasqueda de la gr\u00faa cerca de m\u00ed ha terminado<\/h2>\n<p><img loading=\"lazy\" decoding=\"async\" src=\"https:\/\/www.summittowing.com\/wp-content\/uploads\/2024\/02\/Towing-Lacey-WA-350x233.jpg\" alt=\"\" class=\"alignright wp-image-1748 size-medium\" width=\"350\" height=\"233\" srcset=\"https:\/\/www.summittowing.com\/wp-content\/uploads\/2024\/02\/Towing-Lacey-WA-350x233.jpg 350w, https:\/\/www.summittowing.com\/wp-content\/uploads\/2024\/02\/Towing-Lacey-WA-18x12.jpg 18w, https:\/\/www.summittowing.com\/wp-content\/uploads\/2024\/02\/Towing-Lacey-WA.jpg 450w\" sizes=\"auto, (max-width: 350px) 100vw, 350px\" \/><\/p>\n<p>Si usted vive en Lacey, WA y necesita un profesional <a href=\"https:\/\/www.summittowing.com\/es\/\">empresa de remolque<\/a>No busque m\u00e1s, Summit Towing. Durante m\u00e1s de 20 a\u00f1os, nuestros profesionales de remolque se han comprometido a ofrecer servicios de carretera de alta calidad y remolque fiable lo m\u00e1s r\u00e1pido posible.<\/p>\n<p>Nuestra empresa de gr\u00faas est\u00e1 formada por varios veh\u00edculos ligeros, de plataforma y medianos. As\u00ed que no importa el tama\u00f1o de su coche, tenemos las herramientas y el equipo adecuado para hacer el trabajo con seguridad. Como las aver\u00edas pueden ocurrir en cualquier momento, tenemos un empleado de guardia las 24 horas del d\u00eda, los siete d\u00edas de la semana, para asegurarnos de que reciba la asistencia que necesita lo antes posible.<\/p>\n<p>Es una experiencia estresante y un inconveniente cuando su autom\u00f3vil se rompe, pero la b\u00fasqueda de una empresa de remolque no debe ser. Con Summit Towing, usted puede estar seguro de que est\u00e1s en buenas manos. Tenemos una larga historia de clientes satisfechos en Lacey, WA y sus alrededores, y estamos dispuestos a a\u00f1adir a nuestra lista.<\/p>\n<p>Danos <a href=\"https:\/\/www.summittowing.com\/es\/contactar-con-2\/\">una llamada<\/a> hoy, y perm\u00edtanos mostrarle por qu\u00e9 somos la mejor compa\u00f1\u00eda de remolque de la ciudad.<\/p>\n<hr \/>\n<h2>Lacey's Trusted Towing Services<\/h2>\n<p>El servicio de recuperaci\u00f3n de veh\u00edculos de Summit Towing se extiende a lo largo de la I-5, la US 101 y el condado de Thurston con dos oficinas separadas.<\/p>\n<p>Cada conductor tiene licencia, fianza y seguro para conducir una flota combinada de m\u00e1s de diez veh\u00edculos. Que van desde auto-desguace plataformas a la luz- y veh\u00edculos de carga mediana, puede estar seguro de que tenemos el veh\u00edculo para sus necesidades de remolque. Para garantizar tiempos de respuesta bajos, nos centramos en servicios de remolque, lo que significa que no ofrecemos asistencia en carretera. En su lugar, nuestros operadores expertos pueden ayudar a llevar a donde usted necesita ir para reparaciones y mantenimiento.<\/p>\n<p>Nuestra amplia gama de servicios puede ayudarle:<\/p>\n<ul>\n<li>Remolque ligero<\/li>\n<li>Remolque mediano<\/li>\n<li>Bloqueo de veh\u00edculos<\/li>\n<li>Cabrestante para veh\u00edculos<\/li>\n<li>Remolque de propiedad privada<\/li>\n<li>Removemos veh\u00edculos abandonados<\/li>\n<li>Gesti\u00f3n de estacionamientos<\/li>\n<li>Recuperaci\u00f3n de accidentes<\/li>\n<\/ul>\n<p>\u00bfNecesita asistencia en espa\u00f1ol? Estamos orgullosos de ofrecer un servicio biling\u00fce y estamos preparados para ayudar a nuestros vecinos hispanos con nuestra completa lista de servicios.<\/p>\n<h3>Remolque ligero<\/h3>\n<p><img loading=\"lazy\" decoding=\"async\" src=\"https:\/\/www.summittowing.com\/wp-content\/uploads\/2024\/02\/Towing-Near-Me-Lacey-WA-350x233.jpg\" alt=\"Towing Near Me Lacey Wa\" class=\"alignright wp-image-1746 size-medium\" width=\"350\" height=\"233\" srcset=\"https:\/\/www.summittowing.com\/wp-content\/uploads\/2024\/02\/Towing-Near-Me-Lacey-WA-350x233.jpg 350w, https:\/\/www.summittowing.com\/wp-content\/uploads\/2024\/02\/Towing-Near-Me-Lacey-WA-18x12.jpg 18w, https:\/\/www.summittowing.com\/wp-content\/uploads\/2024\/02\/Towing-Near-Me-Lacey-WA.jpg 450w\" sizes=\"auto, (max-width: 350px) 100vw, 350px\" \/>Tanto si necesita un servicio de remolque est\u00e1ndar como algo m\u00e1s especializado, nuestras gr\u00faas ligeras est\u00e1n a la altura. La mayor parte de nuestra flota est\u00e1 formada por gr\u00faas bien mantenidas y listas para el servicio, por lo que podemos responder a varias llamadas simult\u00e1neamente. Nos aseguraremos de que su veh\u00edculo sea remolcado de forma segura en un tiempo r\u00e9cord.<\/p>\n<h3>Remolque mediano<\/h3>\n<p>Aunque s\u00f3lo tenemos un cami\u00f3n de servicio mediano, garantizamos el mismo tiempo de respuesta que nuestros servicios de remolque de motocicletas y veh\u00edculos ligeros. Nuestro cami\u00f3n de remolque de servicio mediano est\u00e1 equipado para manejar una amplia gama de veh\u00edculos, desde camiones de caja y autobuses hasta veh\u00edculos recreativos y equipos de construcci\u00f3n. Tenemos el cami\u00f3n adecuado para el trabajo, no importa lo que usted necesita ser remolcado.<\/p>\n<h3>Remolque de motos<\/h3>\n<p>Remolcar una motocicleta es un proceso delicado. Estas m\u00e1quinas de alto rendimiento requieren un cuidado extra para evitar da\u00f1os. Con m\u00e1s de 20 a\u00f1os de experiencia, nuestro equipo en Summit Towing son los expertos en proveedores de servicios de remolque de motocicletas. Nos aseguraremos de que su motocicleta llegue a su destino sin un rasgu\u00f1o.<\/p>\n<hr \/>\n<h2>Somos su compa\u00f1\u00eda local de gruas<\/h2>\n<p>La elecci\u00f3n de un servicio de gr\u00faa puede ser todo un reto. Cualquier percance puede ser singularmente angustiante, si usted tiene un accidente o aver\u00eda en su propiedad o en la carretera. Usted necesita confiable, proveedores de remolque r\u00e1pido en Lacey, Washington, que es por eso que usted necesita Cumbre de remolque.<\/p>\n<p>Durante dos d\u00e9cadas, los clientes han confiado en Summit Towing como su compa\u00f1\u00eda de remolque preferida en Lacey, WA y sus alrededores. Durante los \u00faltimos veinte a\u00f1os, el equipo de Summit Towing ha tenido como objetivo ofrecer excelentes servicios de remolque lo m\u00e1s r\u00e1pido posible a Lacey, Washington y el condado de Thurston.<\/p>\n<p>Ll\u00e1menos hoy mismo y nuestro comprometido personal responder\u00e1 a su consulta sin demora, garantiz\u00e1ndole el servicio r\u00e1pido que necesita.<\/p>","protected":false},"excerpt":{"rendered":"<p>The Search For Towing Near Me Is Over If you live in Lacey, WA and need a professional towing company, [&hellip;]<\/p>\n","protected":false},"author":4,"featured_media":1747,"parent":0,"menu_order":0,"comment_status":"closed","ping_status":"closed","template":"","meta":{"_acf_changed":false,"footnotes":""},"class_list":["post-967","page","type-page","status-publish","has-post-thumbnail","hentry"],"acf":[],"meta_description":"If you live in Lacey, WA and need a trustworthy towing company, look no farther than Summit Towing. For over 20 years our service record is unmatched!","meta_title":"","yoast_meta_title":"","yoast_meta_description":"","_links":{"self":[{"href":"https:\/\/www.summittowing.com\/es\/wp-json\/wp\/v2\/pages\/967","targetHints":{"allow":["GET"]}}],"collection":[{"href":"https:\/\/www.summittowing.com\/es\/wp-json\/wp\/v2\/pages"}],"about":[{"href":"https:\/\/www.summittowing.com\/es\/wp-json\/wp\/v2\/types\/page"}],"author":[{"embeddable":true,"href":"https:\/\/www.summittowing.com\/es\/wp-json\/wp\/v2\/users\/4"}],"replies":[{"embeddable":true,"href":"https:\/\/www.summittowing.com\/es\/wp-json\/wp\/v2\/comments?post=967"}],"version-history":[{"count":4,"href":"https:\/\/www.summittowing.com\/es\/wp-json\/wp\/v2\/pages\/967\/revisions"}],"predecessor-version":[{"id":1763,"href":"https:\/\/www.summittowing.com\/es\/wp-json\/wp\/v2\/pages\/967\/revisions\/1763"}],"wp:featuredmedia":[{"embeddable":true,"href":"https:\/\/www.summittowing.com\/es\/wp-json\/wp\/v2\/media\/1747"}],"wp:attachment":[{"href":"https:\/\/www.summittowing.com\/es\/wp-json\/wp\/v2\/media?parent=967"}],"curies":[{"name":"wp","href":"https:\/\/api.w.org\/{rel}","templated":true}]}}