{"id":969,"date":"2022-07-01T15:12:22","date_gmt":"2022-07-01T22:12:22","guid":{"rendered":"https:\/\/www.summittowing.com\/?page_id=969"},"modified":"2024-05-01T15:19:38","modified_gmt":"2024-05-01T22:19:38","slug":"flatbed-towing-lacey-wa","status":"publish","type":"page","link":"https:\/\/www.summittowing.com\/es\/plataforma-remolque-lacey-wa\/","title":{"rendered":"Remolque de plataforma Lacey WA"},"content":{"rendered":"<h2 class=\"wp-block-heading\">Somos sus expertos en gruas local<\/h2>\n\n\n<div class=\"wp-block-image\">\n<figure class=\"alignright size-medium\"><img loading=\"lazy\" decoding=\"async\" width=\"350\" height=\"233\" src=\"https:\/\/www.summittowing.com\/wp-content\/uploads\/2024\/02\/Flatbed-Towing-Lacey-WA-350x233.jpg\" alt=\"Flatbed Remolque Lacey Wa\" class=\"wp-image-1734\" srcset=\"https:\/\/www.summittowing.com\/wp-content\/uploads\/2024\/02\/Flatbed-Towing-Lacey-WA-350x233.jpg 350w, https:\/\/www.summittowing.com\/wp-content\/uploads\/2024\/02\/Flatbed-Towing-Lacey-WA-18x12.jpg 18w, https:\/\/www.summittowing.com\/wp-content\/uploads\/2024\/02\/Flatbed-Towing-Lacey-WA.jpg 450w\" sizes=\"auto, (max-width: 350px) 100vw, 350px\" \/><\/figure>\n<\/div>\n\n\n<p>Summit Towing proporciona remolque de plataforma local en Lacey, Washington. Hemos proporcionado servicios de remolque de plataforma a la zona del condado de Thurston por m\u00e1s de 20 a\u00f1os. Si usted est\u00e1 roto en su camino de entrada o en el lado de la carretera, nuestros servicios de carretera puede ayudar.<\/p>\n\n\n\n<p>El remolque de plataforma es a menudo necesario cuando las gr\u00faas de ruedas o de gancho y cadena no son pr\u00e1cticas. En muchos casos, el veh\u00edculo no puede ponerse en punto muerto, le faltan ruedas o simplemente no funciona. Este m\u00e9todo de remolque permite el transporte seguro de un veh\u00edculo fuera de uso sin poner en peligro a otros operadores en la carretera.<\/p>\n\n\n\n<p>Tambi\u00e9n es un m\u00e9todo excelente para transportar un veh\u00edculo de exposici\u00f3n sin da\u00f1ar la pintura ni desgastar el coche. Independientemente de por qu\u00e9 usted necesita un remolque de plataforma, estamos dedicados a proporcionar alrededor del reloj servicio de remolque profesional lo m\u00e1s r\u00e1pido posible.<\/p>\n\n\n\n<h3 class=\"wp-block-heading\">Remolque de larga distancia<\/h3>\n\n\n\n<p>Adem\u00e1s de remolque de plataforma local, ofrecemos servicios de remolque de plataforma de larga distancia. Todos los proveedores de Summit Towing tienen licencia y seguro para conducir usted y su veh\u00edculo a cualquier destino en el estado de Washington. Si usted requiere un remolque de plataforma fuera del condado de Thurston, todav\u00eda podemos ayudar. H\u00e1ganoslo saber, y vamos a llegar a casa con seguridad.<\/p>\n\n\n\n<hr class=\"wp-block-separator has-alpha-channel-opacity\"\/>\n\n\n\n<h2 class=\"wp-block-heading\">\u00bfQu\u00e9 es el remolcado ligero y semipesado?<\/h2>\n\n\n\n<p>A la hora de buscar el <a href=\"https:\/\/www.summittowing.com\/es\/remolque-lacey-wa\/\">empresa de remolque<\/a>A menudo se ven proveedores que anuncian remolques ligeros, medios y pesados. Pero, \u00bfqu\u00e9 constituye un veh\u00edculo ligero cuando todos ellos pesan varias toneladas? Debido a que Summit Towing no proporciona servicios de remolque de carga pesada, nos centraremos en las clasificaciones de carga ligera y media.<\/p>\n\n\n\n<p>Las gr\u00faas ligeras son para veh\u00edculos de hasta 5 toneladas (10.000 libras). Esta clase de veh\u00edculos incluye su veh\u00edculo de pasajeros est\u00e1ndar, motocicletas, karts o veh\u00edculos todo terreno. Summit Towing proporciona camiones de remolque para los servicios de remolque de carga ligera, que es la forma m\u00e1s segura de transportar su veh\u00edculo.<\/p>\n\n\n\n<p>El remolque mediano es para veh\u00edculos que pesan entre 5.000 y 13 toneladas (10.000 y 26.000 libras). Esta clase de veh\u00edculos incluye camiones de caja, furgonetas de reparto, grandes furgonetas de pasajeros o autobuses y algunos equipos de construcci\u00f3n. Summit Towing utiliza camiones de remolque de plataforma para los servicios de remolque de servicio mediano tambi\u00e9n.<\/p>\n\n\n\n<p>Nuestras gr\u00faas de carga ligera y de plataforma tienen un l\u00edmite de peso de cinco a seis toneladas, mientras que nuestras gr\u00faas de carga media pueden remolcar veh\u00edculos de hasta 13 toneladas de peso. Si su coche supera ese l\u00edmite, deber\u00e1 buscar una empresa de remolque de cargas pesadas con el equipo adecuado para el trabajo.<\/p>\n\n\n\n<h3 class=\"wp-block-heading\">Remolque comercial<\/h3>\n\n\n<div class=\"wp-block-image\">\n<figure class=\"alignright size-full\"><img loading=\"lazy\" decoding=\"async\" width=\"350\" height=\"233\" src=\"https:\/\/www.summittowing.com\/wp-content\/uploads\/2024\/02\/Flatbed-Towing-Near-Me-Lacey-WA.jpg\" alt=\"\" class=\"wp-image-1733\" srcset=\"https:\/\/www.summittowing.com\/wp-content\/uploads\/2024\/02\/Flatbed-Towing-Near-Me-Lacey-WA.jpg 350w, https:\/\/www.summittowing.com\/wp-content\/uploads\/2024\/02\/Flatbed-Towing-Near-Me-Lacey-WA-18x12.jpg 18w\" sizes=\"auto, (max-width: 350px) 100vw, 350px\" \/><\/figure>\n<\/div>\n\n\n<p>Los veh\u00edculos comerciales suelen considerarse de servicio medio, y los camiones caja y las furgonetas grandes entran en esa categor\u00eda. Sin embargo, debido a que los veh\u00edculos comerciales se utilizan a menudo para fines comerciales, su tiempo de inactividad puede costar dinero a una empresa. Es por eso que Summit Towing ofrece servicios de remolque fiable a todas horas y d\u00edas de la semana para las empresas en Lacey, WA y el condado de Thurston. Si usted tiene un trabajo mediano en la necesidad de una empresa de remolque profesional, <a href=\"https:\/\/www.summittowing.com\/es\/contactar-con-2\/\">llame a Summit<\/a><\/p>\n\n\n\n<h3 class=\"wp-block-heading\">Remolque de autocaravanas<\/h3>\n\n\n\n<p>Su autocaravana es algo m\u00e1s que un veh\u00edculo. Es su hogar lejos de casa. Es por eso que tenemos mucho cuidado al transportar su RV con nuestros camiones de remolque. Summit Towing tambi\u00e9n ofrece servicios de remolque para autocaravanas y veh\u00edculos recreativos. Nuestro cami\u00f3n de remolque de servicio mediano est\u00e1 equipado para manejar hasta 13 toneladas de peso y puede remolcar su RV con facilidad.<\/p>\n\n\n\n<p>Si su RV o veh\u00edculo comercial se rompe cerca de Lacey, llame a Summit Towing. Nuestro miembro del equipo dedicado 24\/7 se asegurar\u00e1 de que su llamada sea atendida de inmediato y que reciba el servicio requerido de uno de nuestros operadores de gr\u00faa.&nbsp;<\/p>\n\n\n\n<hr class=\"wp-block-separator has-alpha-channel-opacity\"\/>\n\n\n\n<h2 class=\"wp-block-heading\">Cuando necesite una gr\u00faa local, llame a Summit<\/h2>\n\n\n\n<p>Elegir una empresa de gr\u00faas que le trate a usted y a su coche con respeto puede resultar dif\u00edcil. Cualquier accidente, por peque\u00f1o que sea, puede ser devastador. Usted requiere de confianza, servicios de gr\u00faa fiable en Lacey, Washington, que es por eso que usted necesita Summit Towing.<\/p>\n\n\n\n<p>Durante m\u00e1s de dos d\u00e9cadas, los clientes han confiado en Summit Towing como su socio preferido de remolque en Lacey, Washington, y las \u00e1reas adyacentes. El equipo de Summit Towing ha trabajado duro estos veinte a\u00f1os para proporcionar servicios de remolque asequibles y asistencia en carretera lo m\u00e1s r\u00e1pido posible en Lacey, Washington y el condado de Thurston.<\/p>\n\n\n\n<p>Llame hoy mismo a nuestra empresa de gr\u00faas y nuestros profesionales cualificados responder\u00e1n a su consulta sin demora, garantiz\u00e1ndole el r\u00e1pido servicio de gr\u00faa de emergencia que necesita.<\/p>","protected":false},"excerpt":{"rendered":"<p>We Are Your Local Towing Experts Summit Towing provides local flatbed towing in Lacey, Washington. We&#8217;ve provided flatbed towing services [&hellip;]<\/p>\n","protected":false},"author":4,"featured_media":1731,"parent":0,"menu_order":0,"comment_status":"closed","ping_status":"closed","template":"","meta":{"_acf_changed":false,"footnotes":""},"class_list":["post-969","page","type-page","status-publish","has-post-thumbnail","hentry"],"acf":[],"meta_description":"Summit Towing has provided flatbed towing near Lacey for over 20 years. Whether you're broken down on the driveway or the highway, we can help.","meta_title":"","yoast_meta_title":"","yoast_meta_description":"","_links":{"self":[{"href":"https:\/\/www.summittowing.com\/es\/wp-json\/wp\/v2\/pages\/969","targetHints":{"allow":["GET"]}}],"collection":[{"href":"https:\/\/www.summittowing.com\/es\/wp-json\/wp\/v2\/pages"}],"about":[{"href":"https:\/\/www.summittowing.com\/es\/wp-json\/wp\/v2\/types\/page"}],"author":[{"embeddable":true,"href":"https:\/\/www.summittowing.com\/es\/wp-json\/wp\/v2\/users\/4"}],"replies":[{"embeddable":true,"href":"https:\/\/www.summittowing.com\/es\/wp-json\/wp\/v2\/comments?post=969"}],"version-history":[{"count":4,"href":"https:\/\/www.summittowing.com\/es\/wp-json\/wp\/v2\/pages\/969\/revisions"}],"predecessor-version":[{"id":1766,"href":"https:\/\/www.summittowing.com\/es\/wp-json\/wp\/v2\/pages\/969\/revisions\/1766"}],"wp:featuredmedia":[{"embeddable":true,"href":"https:\/\/www.summittowing.com\/es\/wp-json\/wp\/v2\/media\/1731"}],"wp:attachment":[{"href":"https:\/\/www.summittowing.com\/es\/wp-json\/wp\/v2\/media?parent=969"}],"curies":[{"name":"wp","href":"https:\/\/api.w.org\/{rel}","templated":true}]}}